{"id":87,"date":"2017-02-13T17:51:47","date_gmt":"2017-02-13T17:51:47","guid":{"rendered":"http:\/\/koolituskeskusabc.eu\/?page_id=87"},"modified":"2017-03-13T12:57:49","modified_gmt":"2017-03-13T12:57:49","slug":"esmaabi-koolitused","status":"publish","type":"page","link":"https:\/\/www.koolituskeskusabc.eu\/index.php\/esmaabi-koolitused\/","title":{"rendered":"Esmaabi koolitused"},"content":{"rendered":"<p>Esmaabi koolituste kord l\u00e4htub Sotsiaalministeeriumi m\u00e4\u00e4ruse nr 80 (14.12.2000) \u201eT\u00f6\u00f6tervishoiu ja t\u00f6\u00f6ohutusalase v\u00e4lja\u00f5ppe ja t\u00e4iend\u00f5ppe kord\u201c alusel. Selle alusel pakume ettev\u00f5tetele, huvilistele esmaabi v\u00e4lja\u00f5ppe- ja t\u00e4iendkoolitusi.\u00a0 Lasteaedadele ja koolidele pakume l\u00fchendatud ja lastele arusaadavaid variante esmaabist, mille k\u00e4igus saavad lapsed teada,, kuidas k\u00e4ituda \u00f5nnetusjuhtumi korral, kuidas abi kutsuda ja mis on esmased tegevused, mida tuleb teha.<\/p>\n<p><a href=\"http:\/\/koolituskeskusabc.eu\/index.php\/esmaabi-baaskursus\/\"><strong>Esmaabi baaskursus 16 akadeemilist tundi:<\/strong><\/a><\/p>\n<ul>\n<li>Abi kutsumine<\/li>\n<li>Teadvusetus ja selle p\u00f5hjused ning k\u00e4sitlus<\/li>\n<li>\u00c4kksurm, elustamine nii t\u00e4iskasvanute kui laste surma juhtumite korral, AED kasutamine<\/li>\n<li>S\u00fcdamelihase infarkt, ajuinsult<\/li>\n<li>Erinevate kehapiirkondade traumad ja nende k\u00e4sitlusmeetodid, traumamehhanismid<\/li>\n<li>V\u00e4lisfaktorid ( elekter, poomine, uppumine, m\u00fcrgistused, allergilised reaktsioonid, p\u00f5letus, kuumakahjustused, k\u00fclmakahjustused ja alajahtumine)<\/li>\n<li>Praktiline l\u00e4bitegemine, situatsioon\u00fclesanded<\/li>\n<\/ul>\n<p><a href=\"http:\/\/koolituskeskusabc.eu\/index.php\/esmaabi-taiendkursus\/\"><strong>Esmaabi t\u00e4iendkursus 8\u00a0akadeemilist tundi:<\/strong><\/a><\/p>\n<ul>\n<li>Abi kutsumine<\/li>\n<li>\u00c4kksurm, elustamine nii t\u00e4iskasvanute kui laste surma juhtumite korral, AED kasutamine<\/li>\n<li>Erinevate kehapiirkondade traumad ja nende k\u00e4sitlusmeetodid<\/li>\n<li>Praktiline l\u00e4bitegemine, situatsioon\u00fclesanded<\/li>\n<\/ul>\n<p><strong>AED koolitus 4 akadeemilist tundi<\/strong><\/p>\n<ul>\n<li>Abi kutsumine<\/li>\n<li>Elektrishoki olemus ja selle olulisus kliilise surma varases staadiumis<\/li>\n<li>\u00c4kksurm<\/li>\n<\/ul>\n<p>&nbsp;<\/p>\n<p style=\"text-align: left;\">T\u00e4pse koolituse hinna saame \u00f6elda kui:<\/p>\n<ul>\n<li style=\"text-align: left;\">Koolituse asukoht on kindel ( kas koolitus toimub tellija v\u00f5i pakkuja juures)<\/li>\n<li style=\"text-align: left;\">Kas koolitusel l\u00e4htutakse \u00fcldp\u00f5him\u00f5tetest v\u00f5i liigume teemades detailsemaks vastavalt Teie t\u00f6\u00f6spetsiifikale<\/li>\n<li style=\"text-align: left;\">On selge osalejate arv<\/li>\n<li style=\"text-align: left;\">Koolituse pikkusest (\u00fche p\u00e4evane v\u00f5i kahe p\u00e4evane)<\/li>\n<\/ul>\n","protected":false},"excerpt":{"rendered":"<p>Esmaabi koolituste kord l\u00e4htub Sotsiaalministeeriumi m\u00e4\u00e4ruse nr 80 (14.12.2000) \u201eT\u00f6\u00f6tervishoiu ja t\u00f6\u00f6ohutusalase v\u00e4lja\u00f5ppe ja t\u00e4iend\u00f5ppe kord\u201c alusel. Selle alusel pakume ettev\u00f5tetele, huvilistele esmaabi v\u00e4lja\u00f5ppe- ja t\u00e4iendkoolitusi.\u00a0 Lasteaedadele ja koolidele pakume l\u00fchendatud ja lastele arusaadavaid variante esmaabist, mille k\u00e4igus saavad lapsed teada,, kuidas k\u00e4ituda \u00f5nnetusjuhtumi korral, kuidas abi kutsuda ja mis on esmased tegevused, mida tuleb &hellip; <\/p>\n<p class=\"link-more\"><a href=\"https:\/\/www.koolituskeskusabc.eu\/index.php\/esmaabi-koolitused\/\" class=\"more-link\">Loe edasi<span class=\"screen-reader-text\"> &#8220;Esmaabi koolitused&#8221;<\/span><\/a><\/p>\n","protected":false},"author":1,"featured_media":0,"parent":0,"menu_order":0,"comment_status":"closed","ping_status":"closed","template":"","meta":[],"_links":{"self":[{"href":"https:\/\/www.koolituskeskusabc.eu\/index.php\/wp-json\/wp\/v2\/pages\/87"}],"collection":[{"href":"https:\/\/www.koolituskeskusabc.eu\/index.php\/wp-json\/wp\/v2\/pages"}],"about":[{"href":"https:\/\/www.koolituskeskusabc.eu\/index.php\/wp-json\/wp\/v2\/types\/page"}],"author":[{"embeddable":true,"href":"https:\/\/www.koolituskeskusabc.eu\/index.php\/wp-json\/wp\/v2\/users\/1"}],"replies":[{"embeddable":true,"href":"https:\/\/www.koolituskeskusabc.eu\/index.php\/wp-json\/wp\/v2\/comments?post=87"}],"version-history":[{"count":5,"href":"https:\/\/www.koolituskeskusabc.eu\/index.php\/wp-json\/wp\/v2\/pages\/87\/revisions"}],"predecessor-version":[{"id":200,"href":"https:\/\/www.koolituskeskusabc.eu\/index.php\/wp-json\/wp\/v2\/pages\/87\/revisions\/200"}],"wp:attachment":[{"href":"https:\/\/www.koolituskeskusabc.eu\/index.php\/wp-json\/wp\/v2\/media?parent=87"}],"curies":[{"name":"wp","href":"https:\/\/api.w.org\/{rel}","templated":true}]}}