{"id":258,"date":"2023-03-03T12:21:54","date_gmt":"2023-03-03T12:21:54","guid":{"rendered":"http:\/\/koolituskeskusabc.eu\/?page_id=258"},"modified":"2023-03-07T19:43:33","modified_gmt":"2023-03-07T19:43:33","slug":"oppekorraldus","status":"publish","type":"page","link":"https:\/\/www.koolituskeskusabc.eu\/index.php\/oppekorraldus\/","title":{"rendered":"\u00d5ppekorraldus"},"content":{"rendered":"\n<p><strong>1. &nbsp;<\/strong>Kvaliteedi tagamise tingimused<\/p>\n\n\n\n<p>Kvaliteedi tagamise tingimuste \u00fcheks aluseks on v\u00f5etud HTM-i poolt koostatud \u201eT\u00e4iskasvanute t\u00e4ienduskoolituse kvaliteeditagamise juhendmaterjal t\u00e4iskasvanute t\u00e4iendkoolitusasutustele\u201c.<\/p>\n\n\n\n<p>MT\u00dc Koolituskeskus ABC l\u00e4htub koolituste korraldamisel klientide vajadustest ja p\u00f5him\u00f5ttest ja teeme k\u00f5ik selleks, et tagada klientide rahuolu nii koolituste ajakasutuse, sisu kui ka korraldusega.<\/p>\n\n\n\n<p><strong>2.<\/strong>&nbsp; Koolitajad ja koolitajate kvaliteedi tagamine ja tingimused<\/p>\n\n\n\n<p>2.1.&nbsp; MT\u00dc Koolituskeskus ABC teeb koost\u00f6\u00f6d koolitajatega, kes on oma valdkonna professionaalid ning neil on erialane p\u00e4devus,haridus ja kellel on lisaks teoreetilistele teadmistele ka arvestatav t\u00f6\u00f6kogemus antud valdkonnas.<\/p>\n\n\n\n<p>2.2.  Kui \u00f5ppekavas pole \u00f6eldud teisiti, viib koolitust l\u00e4bi Lemmo Jonuks, kes on alatest 2006. aastast Tartu Kiirabi koolituskeskuse lektor, litsentseeritud esmaabi\u00f5petaja.<\/p>\n\n\n\n<p><strong>3.<\/strong>&nbsp; \u00d5ppekavade kvaliteet<\/p>\n\n\n\n<p>3.1.&nbsp; \u00d5ppekavade koostamisel l\u00e4htub MT\u00dc Koolituskeskus ABC T\u00e4iskasvanute koolituse seadusest, T\u00e4ienduskoolituse standardist ning Haridus- ja Teadusministeeriumi poolt esitatud juhendmaterjalist.<\/p>\n\n\n\n<p>3.2.&nbsp; MT\u00dc Koolituskeskus ABC &nbsp;poolt l\u00e4biviidavate koolituste \u00f5ppekavad on avalikustatud ettev\u00f5tte kodulehel &nbsp;men\u00fc\u00fcpunktis- Mida pakume.<\/p>\n\n\n\n<p>3.3.&nbsp; MT\u00dc Koolituskeskuse ABC \u00f5ppekavades on v\u00e4lja toodud j\u00e4rgnevad andmed: \u00f5ppekava nimetus, sihtr\u00fchm, kekkond, \u00f5ppe eesm\u00e4rk, \u00f5piv\u00e4ljundid, ajaline kestus, \u00f5ppe math ja \u00fclesehitus, \u00f5piv\u00e4ljundite hindamismeetodid.<\/p>\n\n\n\n<p><strong>4.<\/strong> &nbsp;T\u00e4ienduskoolituse vastuv\u00f5tu tingimused ning kord &nbsp;&nbsp;<\/p>\n\n\n\n<p>4.1. Koolitusele tuleb eelnevalt registreeruda. Registreeruda saab: e-posti teel <a href=\"mailto:koolituskeskusabc@gmail.com\">koolituskeskusabc@gmail.com<\/a> v\u00f5i telefoni teel koolituskeskuse kodulehel m\u00e4rgitud kontaktil.<\/p>\n\n\n\n<p>4.2. Koolituse kohta on koolitusele soovija \u00f5igus saada t\u00e4iendavat informatsiooni koolituskeskuse kodulehel m\u00e4rgitud kontaktidelt.<\/p>\n\n\n\n<p>4.3. Koolituse toimumise aeg, koht ja maksumus lepitakse eelnevalt kokku.<\/p>\n\n\n\n<p>4.4. Koolitusest loobumine v\u00f5i toimumise tingimuste muutmine toimub erikokkuleppe alusel. K\u00f5ikidel teistel juhtudel, leitakse lahendus pooltevaheliste kokkulepete l\u00e4bi.<\/p>\n\n\n\n<p><strong>5.<\/strong>&nbsp;\u00d5ppekeskkonna kvaliteedi tagamise tingimused ja kord<\/p>\n\n\n\n<p>5.1.&nbsp; MT\u00dc Koolituskeskus ABC korraldab koolitusi \u00f5pperuumides, mis vastavad t\u00f6\u00f6tervishoiu ja t\u00f6\u00f6ohutuse seaduses s\u00e4testatud t\u00f6\u00f6tervishoiu ja \u2013 ohutuse n\u00f5uetel. Organisatssioonisised koolitused viiakse kokkuleppel l\u00e4bi koolituse tellija koolitusruumides.<\/p>\n\n\n\n<p>5.2.&nbsp; Koolituse mahtu arvestatakse akadeemilistes tundides, kus \u00fcks akadeemiline tund on 45 minutit.<\/p>\n\n\n\n<p>5.3. \u00d5ppe kogumaht sisaldab auditoorset, praktilist ja iseseisvat t\u00f6\u00f6d.<\/p>\n\n\n\n<p>5.4. Koolitused toimuvad valdavalt grupikoolitusena.<\/p>\n\n\n\n<p>5.5. Koolitused toimuvad eesti keeles, kokkuleppel ka vene keeles.<\/p>\n\n\n\n<p>5.6. Koolitused toimuvad klientide vajadusest l\u00e4htuvalt on v\u00f5imalikud ka \u00f5htused ja n\u00e4dalavahetustel l\u00e4biviidavad koolitusprogrammid. Enne koolitust selgitatakse v\u00e4lja koolitusvajadus ja- eesm\u00e4rgid, ajakava, koolitusruumid, transport jm.<\/p>\n\n\n\n<p>5.7.&nbsp; \u00d5ppematerjalid saadetakse e-kirjaga.<\/p>\n\n\n\n<p>5.8. K\u00f5igil osalejatel on v\u00f5imalus koha peal kohvipausideks ja einestamiseks. L\u00f5una ja kohvipaus ei sisalda hinnas.<\/p>\n\n\n\n<p>5.9. Koolituse osav\u00f5ttu kinnitab osaleja oma nime ja allkirjaga vastaval registreerimislehel. Nime palume kirjutada selgelt tr\u00fckit\u00e4htedega.<\/p>\n\n\n\n<p><strong>6.&nbsp;<\/strong>&nbsp;Koolitusj\u00e4rgselt v\u00e4ljastatav dokument<\/p>\n\n\n\n<p>6.1.&nbsp; Koolituse j\u00e4rgselt v\u00e4ljastatakse \u00f5ppijale tunnistus ja\/v\u00f5i t\u00f5end.<\/p>\n\n\n\n<p>6.2.&nbsp; Paberkandjal tunnistusele m\u00e4rgitakse&nbsp; j\u00e4rgmised andmed:<br>1) \u00f5ppija nimi;<br>2) \u00f5ppija isikukood;<br>3) \u00f5ppetegevust korraldava asutuse nimi ja registrinumber;<br>4) majandustegevuse teate registreeringu number Eesti Hariduse Infos\u00fcsteemis;<br>5) \u00f5ppekava nimetus;<br>6) t\u00e4ienduskoolituse toimumise aeg, koht ja maht;<br>7) t\u00f5endi\/tunnistuse v\u00e4ljaandmise koht ja kuup\u00e4ev;<br>8) t\u00f5endi\/tunnistuse number;<br>9) koolitaja(te) nimed;<br>10) tunnistusel\/t\u00f5endil v\u00f5i selle lisas m\u00e4rgitakse \u00f5ppekava alusel omandatud \u00f5piv\u00e4ljundid ja tuuakse v\u00e4lja \u00f5piv\u00e4ljundite saavutatuse hindamise viisid;<br>11) tunnistuse v\u00f5i t\u00f5endi allkirjastab selleks m\u00e4\u00e4ratud vastutav isik;<br>12) tunnistused ja t\u00f5endid kinnitatakse ettev\u00f5tte pitseriga;<br>13) tunnistuste\/t\u00f5endite osas peetakse v\u00e4ljastatud dokumentide registrit, kus igal dokumendil on ainukordne numbriline t\u00e4his;<br>14) vastavalt seaduses\/m\u00e4\u00e4ruses kehtestatud korrale lisatakse tunnistusele l\u00f5ppt\u00e4htaeg.<\/p>\n\n\n\n<p><strong>7.&nbsp;<\/strong>Koolituse kohta tagasiside kogumise kord     <\/p>\n\n\n\n<p>7.1.  MT\u00dc Koolituskeskus ABC palub p\u00e4rast koolitust t\u00e4ita osalejatel tagasiside ankeedi (koolituse sisu ja korraldusliku poole osas), mis muuhulgas annab v\u00f5imaluse teha parandusettepanekuid. Tagasiside andmine on vabatahtlik.<\/p>\n\n\n\n<p><strong>8<\/strong>. Isikuandmete kogumine ja t\u00f6\u00f6tlemine\u00a0\u00a0\u00a0\u00a0\u00a0\u00a0\u00a0\u00a0\u00a0\u00a0\u00a0\u00a0\u00a0\u00a0\u00a0\u00a0\u00a0\u00a0\u00a0\u00a0\u00a0\u00a0\u00a0\u00a0\u00a0\u00a0\u00a0\u00a0\u00a0\u00a0\u00a0\u00a0\u00a0\u00a0\u00a0\u00a0\u00a0\u00a0\u00a0\u00a0\u00a0\u00a0\u00a0\u00a0\u00a0\u00a0\u00a0\u00a0\u00a0\u00a0\u00a0\u00a0                                                 <\/p>\n\n\n\n<p>8.1.&nbsp; MT\u00dc Koolituskeskus ABC kogub j\u00e4rgmisi andmeid: osaleja nimi, t\u00f6\u00f6andja nimi, e-post, telefon ja isikukood. Isikukood on vajalik v\u00e4ljastatava tunnistuse v\u00f5i t\u00f5endi jaoks. Isikuandmeid t\u00f6\u00f6deldakse isikuandmete kaitse seaduse \u00a7 6 alusel.<\/p>\n\n\n\n<p><strong>9.<\/strong> \u00d5ppemaksu tasumise kord<\/p>\n\n\n\n<p>9.1. Koolituse eest tasumine toimub arve alusel peale koolitust. Arve saadetakse e-posti teel v\u00f5i e-arvena. Arve tuleb tasuda arvel m\u00e4rgitud t\u00e4htajaks.<\/p>\n\n\n\n<p><strong>10<\/strong>. Vaidluste lahendamise kord                                                                                                                      <\/p>\n\n\n\n<p>10.1.  MT\u00dc Koolituskeskus ABC ja tellija vahel tekkinud eriarvamused\/erimeelsused p\u00fc\u00fctakse lahendada osapoolte rahumeelsete l\u00e4bir\u00e4\u00e4kimiste teel.&nbsp;<\/p>\n","protected":false},"excerpt":{"rendered":"<p>1. &nbsp;Kvaliteedi tagamise tingimused Kvaliteedi tagamise tingimuste \u00fcheks aluseks on v\u00f5etud HTM-i poolt koostatud \u201eT\u00e4iskasvanute t\u00e4ienduskoolituse kvaliteeditagamise juhendmaterjal t\u00e4iskasvanute t\u00e4iendkoolitusasutustele\u201c. MT\u00dc Koolituskeskus ABC l\u00e4htub koolituste korraldamisel klientide vajadustest ja p\u00f5him\u00f5ttest ja teeme k\u00f5ik selleks, et tagada klientide rahuolu nii koolituste ajakasutuse, sisu kui ka korraldusega. 2.&nbsp; Koolitajad ja koolitajate kvaliteedi tagamine ja tingimused 2.1.&nbsp; MT\u00dc &hellip; <\/p>\n<p class=\"link-more\"><a href=\"https:\/\/www.koolituskeskusabc.eu\/index.php\/oppekorraldus\/\" class=\"more-link\">Loe edasi<span class=\"screen-reader-text\"> &#8220;\u00d5ppekorraldus&#8221;<\/span><\/a><\/p>\n","protected":false},"author":1,"featured_media":0,"parent":0,"menu_order":0,"comment_status":"closed","ping_status":"closed","template":"","meta":[],"_links":{"self":[{"href":"https:\/\/www.koolituskeskusabc.eu\/index.php\/wp-json\/wp\/v2\/pages\/258"}],"collection":[{"href":"https:\/\/www.koolituskeskusabc.eu\/index.php\/wp-json\/wp\/v2\/pages"}],"about":[{"href":"https:\/\/www.koolituskeskusabc.eu\/index.php\/wp-json\/wp\/v2\/types\/page"}],"author":[{"embeddable":true,"href":"https:\/\/www.koolituskeskusabc.eu\/index.php\/wp-json\/wp\/v2\/users\/1"}],"replies":[{"embeddable":true,"href":"https:\/\/www.koolituskeskusabc.eu\/index.php\/wp-json\/wp\/v2\/comments?post=258"}],"version-history":[{"count":5,"href":"https:\/\/www.koolituskeskusabc.eu\/index.php\/wp-json\/wp\/v2\/pages\/258\/revisions"}],"predecessor-version":[{"id":270,"href":"https:\/\/www.koolituskeskusabc.eu\/index.php\/wp-json\/wp\/v2\/pages\/258\/revisions\/270"}],"wp:attachment":[{"href":"https:\/\/www.koolituskeskusabc.eu\/index.php\/wp-json\/wp\/v2\/media?parent=258"}],"curies":[{"name":"wp","href":"https:\/\/api.w.org\/{rel}","templated":true}]}}