{"id":208,"date":"2017-03-14T08:51:35","date_gmt":"2017-03-14T08:51:35","guid":{"rendered":"http:\/\/koolituskeskusabc.eu\/?page_id=208"},"modified":"2017-03-15T12:48:37","modified_gmt":"2017-03-15T12:48:37","slug":"kriisikommunikatsioon","status":"publish","type":"page","link":"https:\/\/www.koolituskeskusabc.eu\/index.php\/kriisikommunikatsioon\/","title":{"rendered":"Kriisikommunikatsioon"},"content":{"rendered":"<p>Koolituse teemad:<\/p>\n<ul>\n<li style=\"list-style-type: none;\">\n<ul>\n<li>T\u00e4nap\u00e4eva meedia erip\u00e4rad<\/li>\n<li>Informatsiooni liikumine<\/li>\n<li>MIKS on vaja meediaga suhelda?<\/li>\n<li>KES v\u00f5iksid olla meediaga suhtlejad?<\/li>\n<li>KUIDAS seda teha \u2013 suhelda meediaga?<\/li>\n<li>Meediaga suhtlemise meelespea.<\/li>\n<li>Kriisikommunikatsiooni p\u00f5him\u00f5tted ning probleemid, mis meediasuhetega <span style=\"font-size: 1rem;\">kaasnevad.<\/span><\/li>\n<\/ul>\n<\/li>\n<\/ul>\n<p>K\u00e4sitleda saab p\u00f5hjalikumalt ka teisi kommunikatsiooniga seotud teemasid vastavalt tellija soovile.<\/p>\n","protected":false},"excerpt":{"rendered":"<p>Koolituse teemad: T\u00e4nap\u00e4eva meedia erip\u00e4rad Informatsiooni liikumine MIKS on vaja meediaga suhelda? KES v\u00f5iksid olla meediaga suhtlejad? KUIDAS seda teha \u2013 suhelda meediaga? Meediaga suhtlemise meelespea. Kriisikommunikatsiooni p\u00f5him\u00f5tted ning probleemid, mis meediasuhetega kaasnevad. K\u00e4sitleda saab p\u00f5hjalikumalt ka teisi kommunikatsiooniga seotud teemasid vastavalt tellija soovile.<\/p>\n","protected":false},"author":1,"featured_media":0,"parent":0,"menu_order":0,"comment_status":"closed","ping_status":"closed","template":"","meta":[],"_links":{"self":[{"href":"https:\/\/www.koolituskeskusabc.eu\/index.php\/wp-json\/wp\/v2\/pages\/208"}],"collection":[{"href":"https:\/\/www.koolituskeskusabc.eu\/index.php\/wp-json\/wp\/v2\/pages"}],"about":[{"href":"https:\/\/www.koolituskeskusabc.eu\/index.php\/wp-json\/wp\/v2\/types\/page"}],"author":[{"embeddable":true,"href":"https:\/\/www.koolituskeskusabc.eu\/index.php\/wp-json\/wp\/v2\/users\/1"}],"replies":[{"embeddable":true,"href":"https:\/\/www.koolituskeskusabc.eu\/index.php\/wp-json\/wp\/v2\/comments?post=208"}],"version-history":[{"count":5,"href":"https:\/\/www.koolituskeskusabc.eu\/index.php\/wp-json\/wp\/v2\/pages\/208\/revisions"}],"predecessor-version":[{"id":218,"href":"https:\/\/www.koolituskeskusabc.eu\/index.php\/wp-json\/wp\/v2\/pages\/208\/revisions\/218"}],"wp:attachment":[{"href":"https:\/\/www.koolituskeskusabc.eu\/index.php\/wp-json\/wp\/v2\/media?parent=208"}],"curies":[{"name":"wp","href":"https:\/\/api.w.org\/{rel}","templated":true}]}}