{"id":121,"date":"2017-02-13T18:07:58","date_gmt":"2017-02-13T18:07:58","guid":{"rendered":"http:\/\/koolituskeskusabc.eu\/?page_id=121"},"modified":"2017-09-02T11:40:13","modified_gmt":"2017-09-02T11:40:13","slug":"meist","status":"publish","type":"page","link":"https:\/\/www.koolituskeskusabc.eu\/index.php\/meist\/","title":{"rendered":"Meist"},"content":{"rendered":"<p>Asutuses t\u00f6\u00f6tavad koolitajad on k\u00f5ik pikaajalise t\u00f6\u00f6staa\u017eiga nii erakorralises meditsiinis, kui ka \u00a0p\u00e4\u00e4ste s\u00fcsteemis, samuti on k\u00f5ikidel aastate pikkune \u00f5petamise kogemus.<\/p>\n<p>Millega eristume teistest?<\/p>\n<p>Kuna omame reaalset kogemust ja teadmisi, mismoodi asjad k\u00e4ivad- siis see ongi k\u00f5ige olulisem ja k\u00f5ige lihtsam erinevus. Me ei r\u00e4\u00e4gi ainult teooriast vaid loome teile v\u00f5imlaikult reaalsed situatsioonid, et oleks v\u00f5imalik \u00f5ppida l\u00e4bi kogemuse. \u00a0Kursused p\u00f5hinevad faktidel ja teadusp\u00f5hisel teadmistel. Meie eesm\u00e4rk on lihtne ja arusaadav k\u00f5igile- teeme keerulise olukorra enda jaoks lihtsaks ja arusaadavaks. Seda ka lastele.<\/p>\n<p>Meie missioon on luua turvalisem keskkond pakkudes esmaabi ja p\u00e4\u00e4stealast koolitamist alustades lastest kuni erialaspetsialistideni v\u00e4lja.<\/p>\n<p>Tuleme alati soovi korral Teie juurde s\u00f5ltumata ilmast ja asukohast.<\/p>\n<p>Lisaks ruumides \u00f5ppele pakume v\u00f5imalust \u00f5pet l\u00e4bi viia v\u00e4liskeskkonnas.<\/p>\n<p>\u00d5ppeprotsessis kasutatakse kaasaegseid \u00f5ppevahendeid.<\/p>\n<p>Koolituse edukalt l\u00e4binutele, kes on testid positiivselt sooritanud, v\u00e4ljastatakse tunnistus ja mittel\u00e4binutele t\u00f5end koolitusel osalemise kohta.<\/p>\n","protected":false},"excerpt":{"rendered":"<p>Asutuses t\u00f6\u00f6tavad koolitajad on k\u00f5ik pikaajalise t\u00f6\u00f6staa\u017eiga nii erakorralises meditsiinis, kui ka \u00a0p\u00e4\u00e4ste s\u00fcsteemis, samuti on k\u00f5ikidel aastate pikkune \u00f5petamise kogemus. Millega eristume teistest? Kuna omame reaalset kogemust ja teadmisi, mismoodi asjad k\u00e4ivad- siis see ongi k\u00f5ige olulisem ja k\u00f5ige lihtsam erinevus. Me ei r\u00e4\u00e4gi ainult teooriast vaid loome teile v\u00f5imlaikult reaalsed situatsioonid, et oleks &hellip; <\/p>\n<p class=\"link-more\"><a href=\"https:\/\/www.koolituskeskusabc.eu\/index.php\/meist\/\" class=\"more-link\">Loe edasi<span class=\"screen-reader-text\"> &#8220;Meist&#8221;<\/span><\/a><\/p>\n","protected":false},"author":1,"featured_media":0,"parent":0,"menu_order":0,"comment_status":"closed","ping_status":"closed","template":"","meta":[],"_links":{"self":[{"href":"https:\/\/www.koolituskeskusabc.eu\/index.php\/wp-json\/wp\/v2\/pages\/121"}],"collection":[{"href":"https:\/\/www.koolituskeskusabc.eu\/index.php\/wp-json\/wp\/v2\/pages"}],"about":[{"href":"https:\/\/www.koolituskeskusabc.eu\/index.php\/wp-json\/wp\/v2\/types\/page"}],"author":[{"embeddable":true,"href":"https:\/\/www.koolituskeskusabc.eu\/index.php\/wp-json\/wp\/v2\/users\/1"}],"replies":[{"embeddable":true,"href":"https:\/\/www.koolituskeskusabc.eu\/index.php\/wp-json\/wp\/v2\/comments?post=121"}],"version-history":[{"count":5,"href":"https:\/\/www.koolituskeskusabc.eu\/index.php\/wp-json\/wp\/v2\/pages\/121\/revisions"}],"predecessor-version":[{"id":225,"href":"https:\/\/www.koolituskeskusabc.eu\/index.php\/wp-json\/wp\/v2\/pages\/121\/revisions\/225"}],"wp:attachment":[{"href":"https:\/\/www.koolituskeskusabc.eu\/index.php\/wp-json\/wp\/v2\/media?parent=121"}],"curies":[{"name":"wp","href":"https:\/\/api.w.org\/{rel}","templated":true}]}}